{"id":178,"date":"2025-03-17T12:02:24","date_gmt":"2025-03-17T12:02:24","guid":{"rendered":"https:\/\/synasc.ro\/2025-new\/?page_id=178"},"modified":"2025-07-21T13:42:05","modified_gmt":"2025-07-21T13:42:05","slug":"logic-and-programming","status":"publish","type":"page","link":"https:\/\/synasc.ro\/2025\/tracks\/logic-and-programming\/","title":{"rendered":"Logic and Programming"},"content":{"rendered":"\t\t<div data-elementor-type=\"wp-page\" data-elementor-id=\"178\" class=\"elementor elementor-178\" data-elementor-post-type=\"page\">\n\t\t\t\t<div class=\"elementor-element elementor-element-0823d37 e-flex e-con-boxed e-con e-parent\" data-id=\"0823d37\" data-element_type=\"container\">\n\t\t\t\t\t<div class=\"e-con-inner\">\n\t\t\t\t<div class=\"elementor-element elementor-element-8410c51 elementor-widget elementor-widget-heading\" data-id=\"8410c51\" data-element_type=\"widget\" data-widget_type=\"heading.default\">\n\t\t\t\t\t<h2 class=\"elementor-heading-title elementor-size-default\">TOPICS OF INTEREST<\/h2>\t\t\t\t<\/div>\n\t\t\t\t<div class=\"elementor-element elementor-element-53b1cbb elementor-widget elementor-widget-text-editor\" data-id=\"53b1cbb\" data-element_type=\"widget\" data-widget_type=\"text-editor.default\">\n\t\t\t\t\t\t\t\t\t<div class=\"elementor-element elementor-element-b256950 elementor-widget elementor-widget-text-editor\" data-id=\"b256950\" data-element_type=\"widget\" data-widget_type=\"text-editor.default\">\n<div class=\"elementor-widget-container\">\n<ul>\n<li>automatic reasoning<\/li>\n<li>formal system verification<\/li>\n<li>formal verification and synthesis<\/li>\n<li>software quality assessment<\/li>\n<li>static analysis<\/li>\n<li>timing analysis<\/li>\n<li>automated testing<\/li>\n<\/ul>\n<\/div>\n<\/div>\t\t\t\t\t\t\t\t<\/div>\n\t\t\t\t<div class=\"elementor-element elementor-element-2beafa5 elementor-widget elementor-widget-heading\" data-id=\"2beafa5\" data-element_type=\"widget\" data-widget_type=\"heading.default\">\n\t\t\t\t\t<h2 class=\"elementor-heading-title elementor-size-default\">TRACK CHAIRS<\/h2>\t\t\t\t<\/div>\n\t\t\t\t<div class=\"elementor-element elementor-element-f7bd7a8 elementor-widget elementor-widget-text-editor\" data-id=\"f7bd7a8\" data-element_type=\"widget\" data-widget_type=\"text-editor.default\">\n\t\t\t\t\t\t\t\t\t<ul>\n<li><strong>Nikolaj Bjorner<\/strong>, Microsoft Research, USA<\/li>\n<li><b><\/b><strong>Arie Gurfinkel<\/strong>, University of Waterloo, Canada<\/li>\n<li><b><\/b><strong>Laura Kovacs<\/strong>, Technical University of Vienna, Austria<\/li>\n<\/ul>\t\t\t\t\t\t\t\t<\/div>\n\t\t\t\t<div class=\"elementor-element elementor-element-e5bcba8 elementor-widget elementor-widget-heading\" data-id=\"e5bcba8\" data-element_type=\"widget\" data-widget_type=\"heading.default\">\n\t\t\t\t\t<h2 class=\"elementor-heading-title elementor-size-default\">PROGRAM COMMITEE<\/h2>\t\t\t\t<\/div>\n\t\t\t\t<div class=\"elementor-element elementor-element-7c3c189 elementor-widget elementor-widget-text-editor\" data-id=\"7c3c189\" data-element_type=\"widget\" data-widget_type=\"text-editor.default\">\n\t\t\t\t\t\t\t\t\t<ul><li><b><\/b><strong><b>Erika Abraham<\/b><\/strong>, RWTH Aachen University, Germany<\/li><li><b><\/b><strong><b>\u0218tefan Andrei<\/b><\/strong>, A.I. Cuza University, Ia\u0219i, Romania<\/li><li><b><\/b><strong><b>Isabela Dr<\/b><\/strong><strong><b>\u0103mnesc, <\/b><\/strong>West University of Timi\u0219oara, Romania<\/li><li><b><\/b><strong><b>M\u0103d\u0103lina Era\u0219cu<\/b><\/strong>, West University of Timi\u0219oara, Romania<\/li><li><b><\/b><strong><b>Grigory Fedyukovich<\/b><\/strong>, Florida State University, United States<\/li><li><b><\/b><strong><b>Luk\u00e1\u0161 Hol\u00edk<\/b><\/strong>, Brno University of Technology, Czechia<\/li><li><b><\/b><strong><b>Temur Kutsia<\/b><\/strong>, RISC, Johannes Kepler University Linz, Austria<\/li><li><b><\/b><strong><b>Michael Rawson<\/b><\/strong>, Technical University of Vienna, Austria<\/li><li><strong>Kristin Yvonne Rozier<\/strong>, Iowa State University, USA<\/li><li><b><\/b><strong><b>Philipp R\u00fcmmer<\/b><\/strong><strong>,<\/strong>University of Regensburg, Germany<\/li><li><b><\/b><strong><b>Tanja Schindler<\/b><\/strong>, University of Basel, Switzerland<\/li><li><b><\/b><strong><b>Sorin Stratulat<\/b><\/strong>, Universit\u00e9 de Lorraine, France<\/li><li><b><\/b><strong><b>Margus Veanes<\/b><\/strong>, Microsoft, USA<\/li><\/ul>\t\t\t\t\t\t\t\t<\/div>\n\t\t\t\t\t<\/div>\n\t\t\t\t<\/div>\n\t\t\t\t<\/div>\n\t\t","protected":false},"excerpt":{"rendered":"<p>TOPICS OF INTEREST automatic reasoning formal system verification formal verification and synthesis software quality assessment static analysis timing analysis automated testing TRACK CHAIRS Nikolaj Bjorner, Microsoft Research, USA Arie Gurfinkel, University of Waterloo, Canada Laura Kovacs, Technical University of Vienna, Austria PROGRAM COMMITEE Erika Abraham, RWTH Aachen University, Germany \u0218tefan Andrei, A.I. Cuza University, Ia\u0219i, [&hellip;]<\/p>\n","protected":false},"author":27,"featured_media":0,"parent":152,"menu_order":0,"comment_status":"closed","ping_status":"closed","template":"","meta":{"footnotes":""},"class_list":["post-178","page","type-page","status-publish","hentry"],"_links":{"self":[{"href":"https:\/\/synasc.ro\/2025\/wp-json\/wp\/v2\/pages\/178","targetHints":{"allow":["GET"]}}],"collection":[{"href":"https:\/\/synasc.ro\/2025\/wp-json\/wp\/v2\/pages"}],"about":[{"href":"https:\/\/synasc.ro\/2025\/wp-json\/wp\/v2\/types\/page"}],"author":[{"embeddable":true,"href":"https:\/\/synasc.ro\/2025\/wp-json\/wp\/v2\/users\/27"}],"replies":[{"embeddable":true,"href":"https:\/\/synasc.ro\/2025\/wp-json\/wp\/v2\/comments?post=178"}],"version-history":[{"count":16,"href":"https:\/\/synasc.ro\/2025\/wp-json\/wp\/v2\/pages\/178\/revisions"}],"predecessor-version":[{"id":1236,"href":"https:\/\/synasc.ro\/2025\/wp-json\/wp\/v2\/pages\/178\/revisions\/1236"}],"up":[{"embeddable":true,"href":"https:\/\/synasc.ro\/2025\/wp-json\/wp\/v2\/pages\/152"}],"wp:attachment":[{"href":"https:\/\/synasc.ro\/2025\/wp-json\/wp\/v2\/media?parent=178"}],"curies":[{"name":"wp","href":"https:\/\/api.w.org\/{rel}","templated":true}]}}