{"id":624,"date":"2023-03-31T08:19:11","date_gmt":"2023-03-31T08:19:11","guid":{"rendered":"https:\/\/synasc.ro\/2023\/?page_id=624"},"modified":"2023-06-20T08:48:53","modified_gmt":"2023-06-20T08:48:53","slug":"nca-2023","status":"publish","type":"page","link":"https:\/\/synasc.ro\/2023\/nca-2023\/","title":{"rendered":"NCA 2023"},"content":{"rendered":"\n<p class=\"has-text-align-center\">20th Workshop on Natural Computing and Applications<\/p>\n\n\n\n<p class=\"has-text-align-center\">in the framework of<\/p>\n\n\n\n<p class=\"has-text-align-center\"><a href=\"https:\/\/synasc.ro\/2023\/\">SYNASC 2023<\/a><\/p>\n\n\n\n<p class=\"has-text-align-center\">25th International Symposium on Symbolic and Numeric Algorithms for Scientific Computing<\/p>\n\n\n\n<p class=\"has-text-align-center\"><a href=\"https:\/\/www.loria.fr\/en\/\">LORIA<\/a>, Nancy, France<\/p>\n\n\n\n<p class=\"has-text-align-center\">September 11-14, 2023<\/p>\n\n\n\n<p><strong>Deadlines<\/strong><\/p>\n\n\n\n<ul class=\"wp-block-list\"><li>9 July 2023 (AoE): Paper submission<\/li><li>30 July 2023: Notification of acceptance<\/li><li>15 August 2023: Early registration\u00a0 \u00a0 \u00a0<\/li><li>1 September 2023: Late registration<\/li><\/ul>\n\n\n\n<p><strong>Scientific Chairs<\/strong><\/p>\n\n\n\n<ul class=\"wp-block-list\"><li>Siby Abraham, NMIMS University, Mumbai, India<\/li><li>Neboj\u0161a Ba\u010danin, Singidunum University, Serbia<\/li><li>Catalin Stoean, University of Craiova, Romania<strong><\/strong><\/li><\/ul>\n\n\n\n<p><strong>Aim and description<\/strong><\/p>\n\n\n\n<p>The workshop aims to bring together researchers and practitioners from academia and industry to discuss and explore the latest developments in natural computing and its applications. Natural computing is an interdisciplinary field that draws inspiration from nature to design and develop computing systems and algorithms that can solve complex problems. The workshop will provide a platform for participants to share their research findings, exchange ideas, and foster collaborations. The workshop will also explore the practical applications of natural computing, such as in image processing, data mining, and optimization problems. We invite authors to submit their original and unpublished work that communicates current research in all areas of natural computing with a particular focus on methods designed to solve complex, real-world problems. Overall, the workshop will provide a valuable opportunity for participants to deepen their knowledge of natural computing and its potential for solving real-world problems.<\/p>\n\n\n\n<p><strong>Topics<\/strong><\/p>\n\n\n\n<p>Suggested topics for papers include, but are not limited to, the following:<\/p>\n\n\n\n<ul class=\"wp-block-list\"><li>evolutionary algorithms and their applications,<\/li><li>neural networks and their use in pattern recognition and prediction,<\/li><li>membrane computing, DNA computing, molecular computing, information processing in cells and tissues, cellular automata<\/li><li>quantum computing,<\/li><li>genetic programming and its applications in software engineering,<\/li><li>swarm intelligence (particle swarm optimization, ant colony optimization, artificial bee colony etc.)<\/li><li>bacterial foraging,<\/li><li>computation with words, granular computation,<\/li><li>artificial life, emergent computing and self-organizing systems, complex adaptive systems,<\/li><li>hybridization of evolutionary, neural, molecular and quantum computing,<\/li><li>hybrid optimization algorithms involving natural computing techniques and other global and local optimization methods,<\/li><li>integration of natural computing techniques in intelligent systems,<\/li><li>implementation issues of natural computing techniques,<\/li><li>visualization techniques in natural computing<\/li><li>rule discovery via natural computing means<\/li><li>algorithm calibration via evolutionary optimization methods<\/li><li>natural computing approaches for multi-objective, multimodal and dynamic optimization,<\/li><li>natural computing approaches in knowledge discovery, natural language processing, image processing, planning and scheduling, information security, human-computer interaction, Web Intelligence, Web-based support systems,<\/li><li>natural computing applications in science, business, finance, engineering, medicine, bioinformatics and other fields.<\/li><\/ul>\n\n\n\n<p><strong>Paper submission<\/strong><\/p>\n\n\n\n<p>We invite submissions containing original research results in the form of:<br>+ full research papers<br>+ short papers (work in progress)<\/p>\n\n\n\n<p>Papers of up to 8 pages prepared according to the&nbsp;<a href=\"https:\/\/www.ieee.org\/conferences_events\/conferences\/publishing\/templates.html\">CPS template<\/a>&nbsp;must be submitted electronically using the submission system that will be later accessible through&nbsp;<a href=\"http:\/\/www.easychair.org\/conferences\/?conf=synasc2023\">EasyChair<\/a>.<br>Research papers must contain original research results not submitted and not published elsewhere. Authors who want to present work in progress or discuss new aspects or a survey of their older research results at the workshop are welcome to submit an extended abstract (up to 4 pages). Papers will be refereed and accepted on the basis of their scientific merit and relevance to the workshop topics.<\/p>\n\n\n\n<p><strong>Publication<\/strong><\/p>\n\n\n\n<p>Research papers that are accepted and presented at the workshop will be collected as proceedings published by Conference Publishing Service (CPS) and will be submitted for indexing in ISI Web of Science, DBLP, SCOPUS.<\/p>\n\n\n\n<p><strong>Program Committee<\/strong><\/p>\n\n\n\n<p><strong>(to be confirmed)<\/strong><\/p>\n\n\n\n<ul class=\"wp-block-list\"><li>Moloud Abdar, Institute for Intelligent Systems Research and Innovation (IISRI), Deakin University, Australia<\/li><li>Miguel Atencia, Universidad de M\u00e1laga, Spain<\/li><li>Carlos Cano Domingo, Universidad de Almer\u00eda, Spain<\/li><li>Subodh Deolekar, University of Mumbai, India<\/li><li>Jyotshna Dongerdi, University of Mumbai, India<\/li><li>Tome Eftimov, Jo\u017eef Stefan Institute, Slovenia<\/li><li>David Iclanzan, Sapientia \u2013 Hungarian Science University of Transylvania, Romania<\/li><li>Daniel Lichtblau, Wolfram Research, Inc., USA<\/li><li>Wieslaw Paja, University of Rzeszow, Poland<\/li><li>Camelia Pintea, Technical University of Cluj-Napoca, North University Center at Baia Mare,<br>Romania<\/li><li>Mike Preuss, Universiteit Leiden, The Netherlands<\/li><li>Andrija Petrovic, Singidunum University, Serbia,<\/li><li>M\u0103d\u0103lina R\u0103schip, Al.I.Cuza University, Romania<\/li><li>Ivana Strumberger, Singidunum University, Serbia,<\/li><li>Girish Tere, Thankur College, Mumbai, India<\/li><li>Ana-Sabina Uban, Universitat Polit\u00e8cnica de Val\u00e8ncia; HLT, University of Bucharest<\/li><li>Sushil Kulkarni, University of Mumbai<\/li><li>Venkatachalam Kandasamy, University of Hradec Kr\u00e1lov\u00e9, Czech Republic,<\/li><li>Dr. Seema Purohit, KIRTI COLLEGE AND NMITD<\/li><li>Miodrag Zivkovic, Singidunum University, Serbia,<\/li><\/ul>\n","protected":false},"excerpt":{"rendered":"<p>20th Workshop on Natural Computing and Applications in the framework of SYNASC 2023 25th International Symposium on Symbolic and Numeric Algorithms for Scientific Computing LORIA, Nancy, France September 11-14, 2023 Deadlines 9 July 2023 (AoE): Paper submission 30 July 2023: Notification of acceptance 15 August 2023: Early registration\u00a0 \u00a0 \u00a0 1 September 2023: Late registration [&hellip;]<\/p>\n","protected":false},"author":23,"featured_media":0,"parent":0,"menu_order":0,"comment_status":"closed","ping_status":"closed","template":"","meta":{"footnotes":""},"class_list":["post-624","page","type-page","status-publish","hentry"],"_links":{"self":[{"href":"https:\/\/synasc.ro\/2023\/wp-json\/wp\/v2\/pages\/624","targetHints":{"allow":["GET"]}}],"collection":[{"href":"https:\/\/synasc.ro\/2023\/wp-json\/wp\/v2\/pages"}],"about":[{"href":"https:\/\/synasc.ro\/2023\/wp-json\/wp\/v2\/types\/page"}],"author":[{"embeddable":true,"href":"https:\/\/synasc.ro\/2023\/wp-json\/wp\/v2\/users\/23"}],"replies":[{"embeddable":true,"href":"https:\/\/synasc.ro\/2023\/wp-json\/wp\/v2\/comments?post=624"}],"version-history":[{"count":4,"href":"https:\/\/synasc.ro\/2023\/wp-json\/wp\/v2\/pages\/624\/revisions"}],"predecessor-version":[{"id":687,"href":"https:\/\/synasc.ro\/2023\/wp-json\/wp\/v2\/pages\/624\/revisions\/687"}],"wp:attachment":[{"href":"https:\/\/synasc.ro\/2023\/wp-json\/wp\/v2\/media?parent=624"}],"curies":[{"name":"wp","href":"https:\/\/api.w.org\/{rel}","templated":true}]}}