{"id":471,"date":"2022-08-16T07:02:42","date_gmt":"2022-08-16T07:02:42","guid":{"rendered":"https:\/\/synasc.ro\/2022\/?page_id=471"},"modified":"2023-07-03T10:46:56","modified_gmt":"2023-07-03T10:46:56","slug":"venue-2","status":"publish","type":"page","link":"https:\/\/synasc.ro\/2023\/venue-2\/","title":{"rendered":"Venue"},"content":{"rendered":"\n<p><strong>Loria:<\/strong><\/p>\n\n\n\n<p>Loria is the French acronym for the \u201cLorraine Research Laboratory in Computer Science and its Applications\u201d and is a research unit (UMR 7503), common to&nbsp;<a href=\"https:\/\/www.cnrs.fr\/fr\">CNRS<\/a>, <a href=\"https:\/\/www.inria.fr\/fr\">Inria<\/a> and the&nbsp;<a href=\"https:\/\/www.univ-lorraine.fr\/\">University of Lorraine<\/a>. This unit was officially created in 1997.<\/p>\n\n\n\n<p>Loria\u2019s missions mainly deal with fundamental and applied research in computer sciences.<\/p>\n\n\n\n<ul class=\"wp-block-list\"><li><strong>More information:<\/strong>\u00a0<a href=\"http:\/\/www.loria.fr\">www.loria.fr<\/a><\/li><li><strong>Video:<\/strong>\u00a0<a href=\"https:\/\/www.youtube.com\/watch?v=WYCJYwil8tU&amp;t=2s\">https:\/\/www.youtube.com\/watch?v=WYCJYwil8tU&amp;t=2s<\/a><\/li><\/ul>\n\n\n\n<p><strong>How to reach us:&nbsp;<\/strong><\/p>\n\n\n\n<div class=\"wp-block-group\"><div class=\"wp-block-group__inner-container is-layout-flow wp-block-group-is-layout-flow\">\n<p>Loria\u00a0Campus scientifique BP 239, 54506 Vand\u0153uvre-l\u00e8s-Nancy Cedex, France<\/p>\n<\/div><\/div>\n\n\n\n<div class=\"wp-block-group\"><div class=\"wp-block-group__inner-container is-layout-flow wp-block-group-is-layout-flow\">\n<div class=\"wp-block-group\"><div class=\"wp-block-group__inner-container is-layout-flow wp-block-group-is-layout-flow\">\n<p><strong>GPS\u00a0:<\/strong><br>Latitude\u00a0: 48.665507 Longitude\u00a0: 6.156108<\/p>\n<\/div><\/div>\n<\/div><\/div>\n\n\n\n<p><strong>By car<\/strong><\/p>\n\n\n\n<p><em>From Paris \/ from Luxembourg:<\/em><\/p>\n\n\n\n<ul class=\"wp-block-list\"><li>Motorways A4 (when arriving from Paris) + A31 in the direction of Nancy<\/li><li>Exit number 2B in direction of Nancy-Brabois \/ Vandoeuvre<\/li><li>At the roundabout, continue straight on the Bourgogne Avenue (1,7 kms)<\/li><li>Turn left, into Rue Victor Basch (700 meters)<\/li><li>Turn right, into rue du Jardin Botanique and you\u2019re there!<\/li><\/ul>\n\n\n\n<p><em>From Strasbourg\u00a0:<\/em><\/p>\n\n\n\n<ul class=\"wp-block-list\"><li>Motorway A35 in the direction of Nancy \u2013 Take the exit number 44<\/li><li>Continue straight on N4 then motorway A33 \u2013 Exit number 2b in the direction Nancy-Brabois \/ Vandoeuvre<\/li><li>At the roudabout, continue straight on the Bourgogne Avenue (1,7 kms)<\/li><li>Turn left, into rue Victor Basch (700 m)<\/li><li>Turn right, into rue du Jardin Botanique you\u2019re there !<\/li><\/ul>\n\n\n\n<p><strong>By train<\/strong><\/p>\n\n\n\n<ul class=\"wp-block-list\"><li>Direct trains from Nancy station: 30 minutes from Metz, 1hr15mins from Strasbourg and 1hr30mins from Paris.<\/li><li>Direct trains from the Lorraine TGV station (35 km from Nancy):&nbsp;<a href=\"http:\/\/www.metz-nancy-lorraine.aeroport.fr\/navettes.html\">shuttles to Nancy station available&nbsp;<\/a>(in french)<\/li><\/ul>\n\n\n\n<p>View the timetables&nbsp;<a href=\"http:\/\/www.tgv-europe.com\/en\/?rfrr=Homepage_footer_United%20Kingdom\">here<\/a>.<\/p>\n\n\n\n<p><em>From Louvigny airport<\/em><\/p>\n\n\n\n<ul class=\"wp-block-list\"><li>1hr20 mins from Charles de Gaulle airport, 2hrs from Lille Europe, 4hrs from Rennes, 5hrs from Bordeaux and 2hrs40mins from Frankfurt.<\/li><li>Metz-Nancy-Lorraine airport and the Lorraine TGV station are served by Metrolor shuttle buses. View the timetables&nbsp;<a href=\"http:\/\/www.metz-nancy-lorraine.aeroport.fr\/\">here<\/a>.(in french)<\/li><\/ul>\n\n\n\n<p><em>From Luxembourg airport<\/em><\/p>\n\n\n\n<ul class=\"wp-block-list\"><li><a href=\"https:\/\/goo.gl\/maps\/8V2UfcqFZ2Cjm18Z6\">Follow the GPS directions by clicking here<\/a>, or:<\/li><li>Take A1, then A3.<\/li><li>A3 will turn into A31 when crossing the French border.<\/li><li>Continue to the south following Nancy\u2019s direction.<\/li><li>Exit number 2B in direction of Nancy-Brabois \/ Vandoeuvre<\/li><li>At the roundabout, continue straight on the Bourgogne Avenue (1,7 kms)<\/li><li>Turn left, into Rue Victor Basch (700 meters)<\/li><li>Turn right, into rue du Jardin Botanique and you\u2019re there!<\/li><\/ul>\n\n\n\n<p><strong>By bus<\/strong><\/p>\n\n\n\n<ul class=\"wp-block-list\"><li>Take the Stan-Campus&nbsp;bus&nbsp;<a href=\"https:\/\/www.reseau-stan.com\/se-deplacer\/horaires\/fiches-horaires-des-lignes-a-partir-du-26-aout-2019\">Tempo 3<\/a>&nbsp;at the stop Poirel (next to the train station) in the direction of Villers Campus Science<br>Get off at&nbsp;\u201cUFR Staps\u201d or \u201cGrande Corv\u00e9e\u201d<\/li><li>Take the Stan bus number 10 at the stop Tour Thiers Gare in the direction of Vandoeuvre CHU Brabois.<br>Get off at \u201cLouis Armand\u201d and walk 5 minutes on the Boulevard des Aiguillettes<\/li><\/ul>\n\n\n\n<p>&gt;&gt;&nbsp;<a href=\"https:\/\/www.loria.fr\/en\/loria\/locate-us\/\">https:\/\/www.loria.fr\/en\/loria\/locate-us\/<\/a><\/p>\n\n\n\n<p><strong>Nancy:<\/strong><\/p>\n\n\n\n<p>Nancy is a city located in the northeast part of France, 300km at the east from Paris and 100km on the south of Luxembourg.<\/p>\n\n\n\n<p>For more information, consult the\u00a0<a href=\"https:\/\/en.wikipedia.org\/wiki\/Nancy,_France\">Nancy Wikipedia page<\/a>\u00a0and the\u00a0<a href=\"https:\/\/www.nancy-tourisme.fr\/en\/discover-nancy\/\">tourism office page<\/a>.<\/p>\n\n\n\n<p><strong>Video:<\/strong> <a href=\"https:\/\/www.youtube.com\/watch?v=FBomkvZQ6Ns&amp;t=6s\">https:\/\/www.youtube.com\/watch?v=FBomkvZQ6Ns&amp;t=6s<\/a><\/p>\n\n\n\n<p><strong>Hotels:<\/strong><br><br><em><strong>In the city center:<\/strong><\/em><\/p>\n\n\n\n<p><a rel=\"noreferrer noopener\" href=\"https:\/\/nancy-centre-gare.campanile.com\/fr-fr\/\" data-type=\"URL\" data-id=\"https:\/\/nancy-centre-gare.campanile.com\/fr-fr\/\" target=\"_blank\">H\u00f4tel Campanile Nancy<\/a>, 12 rue de Serre, 54000 Nancy<\/p>\n\n\n\n<p><a href=\"https:\/\/www.bestwestern-hotel-crystal.com\/fr\/index.html\" data-type=\"URL\" data-id=\"https:\/\/www.bestwestern-hotel-crystal.com\/fr\/index.html\" target=\"_blank\" rel=\"noreferrer noopener\">Best Western plus Crystal, h\u00f4tel &amp; spa<\/a>, 5 rue Chanzy, 54000 Nancy<\/p>\n\n\n\n<p><a rel=\"noreferrer noopener\" href=\"https:\/\/all.accor.com\/hotel\/6852\/index.fr.shtml\" data-type=\"URL\" data-id=\"https:\/\/all.accor.com\/hotel\/6852\/index.fr.shtml\" target=\"_blank\">Ibis Styles Nancy centre gare<\/a>, 3 rue de l\u2019Arm\u00e9e Patton, 54000\u00a0NANCY<\/p>\n\n\n\n<p><a rel=\"noreferrer noopener\" href=\"https:\/\/all.accor.com\/hotel\/A038\/index.fr.shtml\" data-type=\"URL\" data-id=\"https:\/\/all.accor.com\/hotel\/A038\/index.fr.shtml\" target=\"_blank\">Mercure Nancy centre gare<\/a>, 11 Rue Raymond Poincar\u00e9, 54000\u00a0NANCY<\/p>\n\n\n\n<p><a rel=\"noreferrer noopener\" href=\"https:\/\/all.accor.com\/hotel\/0973\/index.fr.shtml\" data-type=\"URL\" data-id=\"https:\/\/all.accor.com\/hotel\/0973\/index.fr.shtml\" target=\"_blank\">Ibis Nancy Centre gare et congr\u00e8s<\/a>, 3 Rue Crampel, 54000\u00a0NANCY<\/p>\n\n\n\n<p><a rel=\"noreferrer noopener\" href=\"https:\/\/all.accor.com\/hotel\/0973\/index.fr.shtml\" data-type=\"URL\" data-id=\"https:\/\/all.accor.com\/hotel\/0973\/index.fr.shtml\" target=\"_blank\">H\u00f4tel des Pr\u00e9lats<\/a>, 56 Place Mgr Ruch, 54000\u00a0NANCY<\/p>\n\n\n\n<p><a rel=\"noreferrer noopener\" href=\"https:\/\/www.hoteldeguise.com\/fr\/\" data-type=\"URL\" data-id=\"https:\/\/www.hoteldeguise.com\/fr\/\" target=\"_blank\">H\u00f4tel de Guise<\/a>, 18 Rue de Guise, 54000\u00a0NANCY<\/p>\n\n\n\n<p><em><strong>On the heights of Nancy, near Loria:\u00a0<\/strong><\/em><\/p>\n\n\n\n<p><a href=\"https:\/\/www.cottagenancy.com\/fr\/\" data-type=\"URL\" data-id=\"https:\/\/www.cottagenancy.com\/fr\/\" target=\"_blank\" rel=\"noreferrer noopener\">H\u00f4tel Cottage Nancy Sud<\/a>, 4 All\u00e9e de Bourgogne, 54500 Vandoeuvre-l\u00e8s-Nancy<\/p>\n\n\n\n<p><a rel=\"noreferrer noopener\" href=\"https:\/\/www.kosy-apparthotels.com\/nancy-maison-des-chercheurs\/?gclid=EAIaIQobChMIm4e9_Knh_wIV0MzVCh2GpAyZEAAYAiAAEgLYDPD_BwE\" data-type=\"URL\" data-id=\"https:\/\/www.kosy-apparthotels.com\/nancy-maison-des-chercheurs\/?gclid=EAIaIQobChMIm4e9_Knh_wIV0MzVCh2GpAyZEAAYAiAAEgLYDPD_BwE\" target=\"_blank\">R\u00e9sidence Maison des Chercheurs<\/a>, 167 avenue du G\u00e9n\u00e9ral Leclerc, 54500 Vandoeuvre-l\u00e8s-Nancy<\/p>\n\n\n\n<p><a rel=\"noreferrer noopener\" href=\"https:\/\/all.accor.com\/hotel\/1584\/index.fr.shtml\" data-type=\"URL\" data-id=\"https:\/\/all.accor.com\/hotel\/1584\/index.fr.shtml\" target=\"_blank\">H\u00f4tel IBIS Nancy Brabois<\/a>, 2 All\u00e9e de Bourgogne, 54500 Vandoeuvre-l\u00e8s-Nancy<\/p>\n","protected":false},"excerpt":{"rendered":"<p>Loria: Loria is the French acronym for the \u201cLorraine Research Laboratory in Computer Science and its Applications\u201d and is a research unit (UMR 7503), common to&nbsp;CNRS, Inria and the&nbsp;University of Lorraine. This unit was officially created in 1997. Loria\u2019s missions mainly deal with fundamental and applied research in computer sciences. More information:\u00a0www.loria.fr Video:\u00a0https:\/\/www.youtube.com\/watch?v=WYCJYwil8tU&amp;t=2s How to [&hellip;]<\/p>\n","protected":false},"author":23,"featured_media":0,"parent":0,"menu_order":0,"comment_status":"closed","ping_status":"closed","template":"","meta":{"footnotes":""},"class_list":["post-471","page","type-page","status-publish","hentry"],"_links":{"self":[{"href":"https:\/\/synasc.ro\/2023\/wp-json\/wp\/v2\/pages\/471","targetHints":{"allow":["GET"]}}],"collection":[{"href":"https:\/\/synasc.ro\/2023\/wp-json\/wp\/v2\/pages"}],"about":[{"href":"https:\/\/synasc.ro\/2023\/wp-json\/wp\/v2\/types\/page"}],"author":[{"embeddable":true,"href":"https:\/\/synasc.ro\/2023\/wp-json\/wp\/v2\/users\/23"}],"replies":[{"embeddable":true,"href":"https:\/\/synasc.ro\/2023\/wp-json\/wp\/v2\/comments?post=471"}],"version-history":[{"count":18,"href":"https:\/\/synasc.ro\/2023\/wp-json\/wp\/v2\/pages\/471\/revisions"}],"predecessor-version":[{"id":702,"href":"https:\/\/synasc.ro\/2023\/wp-json\/wp\/v2\/pages\/471\/revisions\/702"}],"wp:attachment":[{"href":"https:\/\/synasc.ro\/2023\/wp-json\/wp\/v2\/media?parent=471"}],"curies":[{"name":"wp","href":"https:\/\/api.w.org\/{rel}","templated":true}]}}