{"id":157,"date":"2022-04-06T13:54:01","date_gmt":"2022-04-06T13:54:01","guid":{"rendered":"https:\/\/synasc.ro\/2022\/?page_id=157"},"modified":"2022-06-20T14:39:42","modified_gmt":"2022-06-20T14:39:42","slug":"iafp-2022","status":"publish","type":"page","link":"https:\/\/synasc.ro\/2022\/iafp-2022\/","title":{"rendered":"IAFP 2022"},"content":{"rendered":"\n<p class=\"has-text-align-center\">Iterative algorithms for approximating fixed points of various contractive type operators<\/p>\n\n\n\n<p class=\"has-text-align-center\">SYNASC 2022<br>24th International Symposium on Symbolic and Numeric Algorithms for Scientific Computing<\/p>\n\n\n\n<p class=\"has-text-align-center\">Research Institute for Symbolic Computation, Johannes Kepler University, Linz, Austria<br>12-15 September 2022<\/p>\n\n\n\n<p class=\"has-text-align-center\"><em>In memory of Professor Stefan M\u0103ru\u0219ter on his 85th birthday<\/em><\/p>\n\n\n\n<p><strong>Important dates:<\/strong><\/p>\n\n\n\n<ul class=\"wp-block-list\"><li>10 July 2022: Paper submission (strict deadline)<\/li><li>5 August 2022: Notification of acceptance<\/li><li>5 September 2022: Registration<\/li><li>12-15 September 2022: Symposium<\/li><li>31 October 2022: Revised papers for post-proceedings<\/li><\/ul>\n\n\n\n<p><strong>Scientific Chairs<\/strong><\/p>\n\n\n\n<p>+ Vasile Berinde, Department of Mathematics and Computer Science, Technical Univ. of Cluj-Napoca, North University Center at Baia Mare, Romania  <br>+ Adrian Petru\u0219el, Department of Mathematics, Babe\u0219-Bolyai University, Cluj-Napoca, Romania<br>+ Ioan A Rus, Department of Mathematics, Babe\u0219-Bolyai University, Cluj-Napoca, Romania <\/p>\n\n\n\n<p><strong>Aim and description<\/strong><\/p>\n\n\n\n<p>The workshop seeks to gather together scientists working in the field of Nonlinear Analysis, with special emphasis on fixed point iterative methods and their applications. The organizers hope that the workshop will highlight the most recent advances in the current research directions of this area and will be an opportunity to exchange ideas and new results.<\/p>\n\n\n\n<p>This edition is organized in the memory of Professor Stefan M\u0103ru\u0219ter (September 1937 &#8211; December 2017) who was one of the initiators of the IAFP workshop. <\/p>\n\n\n\n<p><strong>Topics<\/strong><\/p>\n\n\n\n<p>Proposed list of topics, not limited to:<\/p>\n\n\n\n<ul class=\"wp-block-list\"><li>Iterative algorithms for approximating fixed points of various<br>contractive type operators<\/li><li>Convergence and stability of fixed point iterative algorithms<\/li><li>Stability properties of the fixed point problem<\/li><li>Applications of fixed point theory<\/li><\/ul>\n\n\n\n<p><strong>Paper Submission<\/strong><\/p>\n\n\n\n<p>Papers (up to 8 pages in the two-column <a href=\"https:\/\/www.ieee.org\/conferences_events\/conferences\/publishing\/templates.html\">format<\/a>) or extended abstracts (up to 2 pages) must be electronically submitted using the submission system accessible setup on <a href=\"http:\/\/www.easychair.org\/conferences\/?conf=synasc2022\" data-type=\"URL\" data-id=\"http:\/\/www.easychair.org\/conferences\/?conf=synasc2022\">EasyChair<\/a>. <\/p>\n\n\n\n<p><strong>Publication<\/strong><\/p>\n\n\n\n<p>The papers accepted for presentation will be included in a locally edited proceedings (electronic version on a memory stick). Extended versions of the accepted and presented papers can be submitted for publication in the <a href=\"https:\/\/sciendo.com\/journal\/AWUTM\">Mathematics and Computer Science Annals of the West University of Timisoara<\/a><\/p>\n\n\n\n<p><strong>Program Committee<\/strong><\/p>\n\n\n\n<ul class=\"wp-block-list\"><li>Radu Miculescu,Transilvania University of Brasov<\/li><li>Narin Petrot, Naresuan University<\/li><li>Mujahid Abbas, GCU Lahore<\/li><li>Poom Kumam, King Mongkut&#8217;s University of Technology Thonburi, (KMUTT)<\/li><li>Vladimir Rako\u010devi\u0107, University of Ni\u0161<\/li><\/ul>\n","protected":false},"excerpt":{"rendered":"<p>Iterative algorithms for approximating fixed points of various contractive type operators SYNASC 202224th International Symposium on Symbolic and Numeric Algorithms for Scientific Computing Research Institute for Symbolic Computation, Johannes Kepler University, Linz, Austria12-15 September 2022 In memory of Professor Stefan M\u0103ru\u0219ter on his 85th birthday Important dates: 10 July 2022: Paper submission (strict deadline) 5 [&hellip;]<\/p>\n","protected":false},"author":23,"featured_media":0,"parent":0,"menu_order":0,"comment_status":"closed","ping_status":"closed","template":"","meta":{"footnotes":""},"class_list":["post-157","page","type-page","status-publish","hentry"],"_links":{"self":[{"href":"https:\/\/synasc.ro\/2022\/wp-json\/wp\/v2\/pages\/157","targetHints":{"allow":["GET"]}}],"collection":[{"href":"https:\/\/synasc.ro\/2022\/wp-json\/wp\/v2\/pages"}],"about":[{"href":"https:\/\/synasc.ro\/2022\/wp-json\/wp\/v2\/types\/page"}],"author":[{"embeddable":true,"href":"https:\/\/synasc.ro\/2022\/wp-json\/wp\/v2\/users\/23"}],"replies":[{"embeddable":true,"href":"https:\/\/synasc.ro\/2022\/wp-json\/wp\/v2\/comments?post=157"}],"version-history":[{"count":12,"href":"https:\/\/synasc.ro\/2022\/wp-json\/wp\/v2\/pages\/157\/revisions"}],"predecessor-version":[{"id":415,"href":"https:\/\/synasc.ro\/2022\/wp-json\/wp\/v2\/pages\/157\/revisions\/415"}],"wp:attachment":[{"href":"https:\/\/synasc.ro\/2022\/wp-json\/wp\/v2\/media?parent=157"}],"curies":[{"name":"wp","href":"https:\/\/api.w.org\/{rel}","templated":true}]}}