{"id":221,"date":"2021-05-19T07:16:33","date_gmt":"2021-05-19T07:16:33","guid":{"rendered":"http:\/\/synasc.ro\/2021\/?page_id=221"},"modified":"2021-07-30T10:50:54","modified_gmt":"2021-07-30T10:50:54","slug":"dipmai-2021","status":"publish","type":"page","link":"https:\/\/synasc.ro\/2021\/dipmai-2021\/","title":{"rendered":"DIPMAI 2021"},"content":{"rendered":"\n<p class=\"has-text-align-center\">5th Workshop on Digital Image Processing for Medical and Automotive Industry<\/p>\n\n\n\n<p class=\"has-text-align-center\"><em>in the framework of<\/em><\/p>\n\n\n\n<p class=\"has-text-align-center\">SYNASC 2021<br>23rd International Symposium on Symbolic and Numeric Algorithms for Scientific Computing<\/p>\n\n\n\n<p class=\"has-text-align-center\">Timisoara, Romania<br>7-10 December, 2021<\/p>\n\n\n\n<p class=\"has-text-align-center\">&nbsp;&nbsp;&nbsp;&nbsp;&nbsp;&nbsp;&nbsp;&nbsp;&nbsp;&nbsp;&nbsp; *** SYNASC 2021 will be organized as an online conference ***<\/p>\n\n\n\n<p><strong>Workshop deadlines<\/strong><\/p>\n\n\n\n<ul class=\"wp-block-list\"><li>31 August 2021: Paper submission (extended deadline)<\/li><li>30 September 2021: Notification of acceptance<\/li><li>15 October 2021: Registration \u00a0<\/li><li>15 October 2021: Revised papers according to the reviews<\/li><li>7-10 December 2021: Workshop <\/li><\/ul>\n\n\n\n<p><strong>Scientific Chairs<\/strong><\/p>\n\n\n\n<p>+ Mihail Gaianu, West University of Timi\u0219oara, Romania<br>+ Debora Gil, Universitat Aut\u00f2noma de Barcelona, Spain<\/p>\n\n\n\n<p><strong>Workshop description<\/strong><\/p>\n\n\n\n<p>Within the framework of the 23rd International Symposium on Symbolic and Numeric Algorithms for Scientific Computing (<a rel=\"noreferrer noopener\" href=\"http:\/\/synasc.ro\" target=\"_blank\">synasc.ro<\/a>) held during 7-10 December 2021, Timisoara, Romania we invite the researchers and practitioners to present and discuss advances in the research and development of intelligent systems for complex image processing and interpretation, based on efficient feature selection in the field of diagnosis, monitoring and control. Hence, the goal of this workshop&nbsp; is to bring together researchers, engineers, medical specialists and users in different domains which are engaged in solving their problems by the aid of intelligent image processing algorithms and with interest in novel methods, techniques and algorithms for intelligent image processing proposed to solve difficult problems in the mentioned field.<\/p>\n\n\n\n<p><strong>Topics<\/strong><\/p>\n\n\n\n<p>Topics of interest include, but are not limited to, the following:<\/p>\n\n\n\n<p>+ Criteria for feature selection<br>+ Image processing for real time control<br>+ Neural networks and deep neuronal networks for image processing<br>+ Traffic control based on images<br>+ Medical diagnosis systems based on complex image processing<br>+ Assistive technologies based on image processing<br>+ UAV and robot guidance based on image interpretation<br>+ Quality control based on image processing<br>+ Fractal analysis<br>+ Texture analysis<br>+ Parallel processing (CPU\/GPU) of images<br>+ Image processing and Internet of Things<br>+ Image processing and cloud computing<br>+ Image processing optimization<\/p>\n\n\n\n<p><strong>Paper submission<\/strong><\/p>\n\n\n\n<p>We invite submissions in the form of:<br>+ research papers,<br>+ extended abstracts<\/p>\n\n\n\n<p>Papers of up to 8 pages (in <a href=\"https:\/\/www.ieee.org\/conferences_events\/conferences\/publishing\/templates.html\">CPS Conference Style<\/a>) should be electronically submitted through <a href=\"http:\/\/www.easychair.org\/conferences\/?conf=synasc2021\">Easy Chair<\/a>.<\/p>\n\n\n\n<p>Research papers must contain original research results not submitted and not published elsewhere. Authors which want to present work in progress or discuss new aspects or a survey of their older research results at the workshop are welcome to submit an extended abstract (up to 4 pages). Papers will be refereed and accepted on the basis of their scientific merit and relevance to the Workshop topics.<\/p>\n\n\n\n<p><strong>Program committee<\/strong><\/p>\n\n\n\n<p>+ Debora Gil, Universitat Aut\u00f2noma de Barcelona<br>+ Mihail Gaianu \u2013 West University of Timi\u0219oara, Romania,<br>+ Gabriela Cristescu, Universitatea Aurel Vlaicu din Arad<br>+ Carles S\u00e1nchez Ramos, Universitat Aut\u00f2noma de Barcelona<br>+ Darian Onchis, Universitatea de Vest din Timisoara<br>+ Tim Tiedemann, Hamburg University of Applied Sciences<br>+ Ovreiu Elena, Universitatea Politehnica Bucuresti<br>+ Mirela Frandes, Univeritatea de Medicina si Farmacie \u2018Victor Babes\u2019 Timisoara<br>+ Virgil-Dacian Lalescu, Universitatea de \u015etiin\u0163e Agricole \u015fi Medicin\u0103 Veterinar\u0103 a Banatului Timi\u015foara<\/p>\n\n\n\n<p><strong>Local Workshop organizers<\/strong><\/p>\n\n\n\n<p>+ Sebastian Stefaniga \u2013 West University of Timisoara, Romania, sebastian.stefaniga at e-uvt.ro<\/p>\n\n\n\n<p>+ Todor Ivascu \u2013 West University of Timisoara, Romania, todor.ivascu at e-uvt.ro<\/p>\n","protected":false},"excerpt":{"rendered":"<p>5th Workshop on Digital Image Processing for Medical and Automotive Industry in the framework of SYNASC 202123rd International Symposium on Symbolic and Numeric Algorithms for Scientific Computing Timisoara, Romania7-10 December, 2021 &nbsp;&nbsp;&nbsp;&nbsp;&nbsp;&nbsp;&nbsp;&nbsp;&nbsp;&nbsp;&nbsp; *** SYNASC 2021 will be organized as an online conference *** Workshop deadlines 31 August 2021: Paper submission (extended deadline) 30 September 2021: [&hellip;]<\/p>\n","protected":false},"author":23,"featured_media":0,"parent":0,"menu_order":0,"comment_status":"closed","ping_status":"closed","template":"","meta":{"footnotes":""},"class_list":["post-221","page","type-page","status-publish","hentry"],"_links":{"self":[{"href":"https:\/\/synasc.ro\/2021\/wp-json\/wp\/v2\/pages\/221","targetHints":{"allow":["GET"]}}],"collection":[{"href":"https:\/\/synasc.ro\/2021\/wp-json\/wp\/v2\/pages"}],"about":[{"href":"https:\/\/synasc.ro\/2021\/wp-json\/wp\/v2\/types\/page"}],"author":[{"embeddable":true,"href":"https:\/\/synasc.ro\/2021\/wp-json\/wp\/v2\/users\/23"}],"replies":[{"embeddable":true,"href":"https:\/\/synasc.ro\/2021\/wp-json\/wp\/v2\/comments?post=221"}],"version-history":[{"count":8,"href":"https:\/\/synasc.ro\/2021\/wp-json\/wp\/v2\/pages\/221\/revisions"}],"predecessor-version":[{"id":404,"href":"https:\/\/synasc.ro\/2021\/wp-json\/wp\/v2\/pages\/221\/revisions\/404"}],"wp:attachment":[{"href":"https:\/\/synasc.ro\/2021\/wp-json\/wp\/v2\/media?parent=221"}],"curies":[{"name":"wp","href":"https:\/\/api.w.org\/{rel}","templated":true}]}}