{"id":1371,"date":"2017-04-04T13:31:20","date_gmt":"2017-04-04T11:31:20","guid":{"rendered":"http:\/\/synasc.ro\/2017\/?page_id=1371"},"modified":"2018-08-01T08:39:47","modified_gmt":"2018-08-01T06:39:47","slug":"dipmai-2018","status":"publish","type":"page","link":"https:\/\/synasc.ro\/2018\/workshops\/dipmai-2018\/","title":{"rendered":"DIPMAI 2018"},"content":{"rendered":"<p style=\"text-align: center;\">2nd Workshop on Digital Image Processing for Medical and Automotive Industry<\/p>\n<p style=\"text-align: center;\"><em>in the framework of<\/em><\/p>\n<p style=\"text-align: center;\">SYNASC 2018<br \/>\n20th International Symposium on Symbolic and Numeric Algorithms for Scientific Computing<\/p>\n<p style=\"text-align: center;\">Timisoara, Romania<br \/>\nSeptember 20 \u2013 23, 2018<\/p>\n<p><strong>Workshop deadlines<\/strong><\/p>\n<p>+ Submission of papers: <del>June 24,2018 <\/del> <strong>July 22, 2018<\/strong><br \/>\n+ Notification of acceptance: <strong>August 10, 2018<\/strong><br \/>\n+ Registration: <strong>September 1, 2018<\/strong><br \/>\n+ Final paper: <strong>September 1, 2018<\/strong><br \/>\n+ Revised papers for post-proceedings: <strong>November, 2018<\/strong><\/p>\n<p><strong>Scientific Chairs<\/strong><\/p>\n<p>+ Mihail Gaianu, West University of Timi\u0219oara, Romania<br \/>\n+ Debora Gil, Universitat Aut\u00f2noma de Barcelona, Spain<\/p>\n<p><strong>Workshop description<\/strong><\/p>\n<p>Within the framework of the <a href=\"http:\/\/synasc.ro\/2018\">20th International Symposium on Symbolic and Numeric Algorithms for Scientific Computing (SYNASC 2018)<\/a> held during September 20 \u2013 23, 2018, Timisoara, Romania, we invite the researchers and practitioners to present and discuss advances in the research and development of intelligent systems for complex image processing and interpretation, based on efficient feature selection in the field of diagnosis, monitoring and control. Hence, the goal of this workshop\u00a0 is to bring together researchers, engineers, medical specialists and users in different domains which are engaged in solving their problems by the aid of intelligent image processing algorithms and with interest in novel methods, techniques and algorithms for intelligent image processing proposed to solve difficult problems in the mentioned field.<\/p>\n<p><strong>Topics<\/strong><\/p>\n<p>Topics of interest include, but are not limited to, the following:<\/p>\n<p>+ Criteria for feature selection<br \/>\n+ Image processing for real time control<br \/>\n+ Neural networks for image processing<br \/>\n+ Traffic control based on images<br \/>\n+ Medical diagnosis systems based on complex image processing<br \/>\n+ Assistive technologies based on image processing<br \/>\n+ UAV and robot guidance based on image interpretation<br \/>\n+ Quality control based on image processing<br \/>\n+ Fractal analysis<br \/>\n+ Texture analysis<br \/>\n+ Parallel processing (CPU\/GPU) of images<br \/>\n+ Image processing and Internet of Things<br \/>\n+ Image processing and cloud computing<br \/>\n+ Image processing optimization<\/p>\n<p><strong>Paper submission<\/strong><\/p>\n<p>We invite submissions in the form of:<br \/>\n+ research papers,<br \/>\n+ extended abstracts<\/p>\n<p>Papers of up to 8 pages (in <a href=\"https:\/\/www.ieee.org\/conferences_events\/conferences\/publishing\/templates.html\">CPS Conference Style<\/a>) should be electronically submitted through <a href=\"https:\/\/easychair.org\/conferences\/?conf=synasc2018workshops\">Easy Chair<\/a>.<\/p>\n<p>Research papers must contain original research results not submitted and not published elsewhere. Authors which want to present work in progress or discuss new aspects or a survey of their older research results at the workshop are welcome to submit an extended abstract (up to 4 pages). Papers will be refereed and accepted on the basis of their scientific merit and relevance to the Workshop topics.<\/p>\n<p><strong>Program committee<\/strong><\/p>\n<p>+ Debora Gil, Universitat Aut\u00f2noma de Barcelona<br \/>\n+ Gabriela Cristescu, Aurel Vlaicu University Arad<br \/>\n+ Carles S\u00e1nchez Ramos, Universitat Aut\u00f2noma de Barcelona<br \/>\n+ Darian Onchis, West University Timisoara<br \/>\n+ Tim Tiedemann, Hamburg University of Applied Sciences<br \/>\n+ Ovreiu Elena, Politehnica University Bucuresti<br \/>\n+ Mirela Frandes, Univeritatea de Medicina si Farmacie \u2018Victor Babes\u2019 Timisoara<br \/>\n+ Virgil-Dacian Lalescu, Universitatea de \u015etiin\u0163e Agricole \u015fi Medicin\u0103 Veterinar\u0103 a Banatului Timi\u015foara<br \/>\n+ Juan Alberto S\u00e1nchez Margallo, Jes\u00fas Us\u00f3n Minimally Invasive Surgery Centre Caceres<br \/>\n+ Yi Liu, Faculty of Information Technology and Electrical Engineering, Norwegian University of Science and Technology Trondheim<br \/>\n+ C\u0103leanu C\u0103t\u0103lin-Daniel, Politehnica University Timi\u015foara<\/p>\n<p><strong>Local Workshop organizers<\/strong><\/p>\n<p>+ Todor Ivascu \u2013 West University of Timi\u0219oara, Romania, todor.ivascu@e-uvt.ro at e-uvt.ro<br \/>\n+ Sebastian Stefaniga &#8211; West University of Timisoara, Romania, sebastian.stefaniga at e-uvt.ro<\/p>\n","protected":false},"excerpt":{"rendered":"<p>2nd Workshop on Digital Image Processing for Medical and Automotive Industry in the framework of SYNASC 2018 20th International Symposium on Symbolic and Numeric Algorithms for Scientific Computing Timisoara, Romania September 20 \u2013 23, 2018 Workshop deadlines + Submission of papers: June 24,2018 July 22, 2018 + Notification of acceptance: August 10, 2018 + Registration: [&hellip;]<\/p>\n","protected":false},"author":4,"featured_media":0,"parent":257,"menu_order":0,"comment_status":"closed","ping_status":"closed","template":"","meta":{"footnotes":""},"class_list":["post-1371","page","type-page","status-publish","hentry"],"_links":{"self":[{"href":"https:\/\/synasc.ro\/2018\/wp-json\/wp\/v2\/pages\/1371","targetHints":{"allow":["GET"]}}],"collection":[{"href":"https:\/\/synasc.ro\/2018\/wp-json\/wp\/v2\/pages"}],"about":[{"href":"https:\/\/synasc.ro\/2018\/wp-json\/wp\/v2\/types\/page"}],"author":[{"embeddable":true,"href":"https:\/\/synasc.ro\/2018\/wp-json\/wp\/v2\/users\/4"}],"replies":[{"embeddable":true,"href":"https:\/\/synasc.ro\/2018\/wp-json\/wp\/v2\/comments?post=1371"}],"version-history":[{"count":16,"href":"https:\/\/synasc.ro\/2018\/wp-json\/wp\/v2\/pages\/1371\/revisions"}],"predecessor-version":[{"id":1922,"href":"https:\/\/synasc.ro\/2018\/wp-json\/wp\/v2\/pages\/1371\/revisions\/1922"}],"up":[{"embeddable":true,"href":"https:\/\/synasc.ro\/2018\/wp-json\/wp\/v2\/pages\/257"}],"wp:attachment":[{"href":"https:\/\/synasc.ro\/2018\/wp-json\/wp\/v2\/media?parent=1371"}],"curies":[{"name":"wp","href":"https:\/\/api.w.org\/{rel}","templated":true}]}}