{"id":48,"date":"2013-11-14T22:42:44","date_gmt":"2013-11-14T20:42:44","guid":{"rendered":"http:\/\/synasc.ro\/s2015\/?page_id=48"},"modified":"2015-01-27T19:36:04","modified_gmt":"2015-01-27T17:36:04","slug":"accommodation","status":"publish","type":"page","link":"https:\/\/synasc.ro\/2017\/accommodation\/","title":{"rendered":"Accommodation"},"content":{"rendered":"<p>The SYNASC host recommends:<\/p>\n<p><strong>Hotel Perla\u00a02,3 (***), 4 (****)<\/strong><\/p>\n<p>Addresses:<\/p>\n<p><strong>Perla 2<\/strong>: Protopop George Dragomir nr.7<br \/>\nDistance from the conference place by walking: 10 minutes<br \/>\n<strong>Perla 3<\/strong>: Elvila Celebi nr.14<br \/>\nDistance from the conference place by walking: 10 minutes<br \/>\n<strong>Perla 4<\/strong>: Protopop George Dragomir nr.9<br \/>\nDistance from the conference place by walking: 10 minutes<\/p>\n<p>Tel: +40-256-495203 (mention please which Perla)<br \/>\n<a href=\"http:\/\/www.hotelperla.ro\/\" target=\"_blank\">http:\/\/www.hotelperla.ro<\/a><\/p>\n<hr \/>\n<p><strong>NH Hotel\u00a0****<\/strong><\/p>\n<p>Distance from the conference place by walking: 15 minutes<\/p>\n<p>Contact:<br \/>\nAddress: Strada Pestalozzi 1\/a, 300115 Timisoara, Timisoara<br \/>\nTel. +40 256 407 440<br \/>\nFax. +40 256 407 441<br \/>\n<a href=\"mailto:nhtimisoara@nh-hotels.com\">nhtimisoara@nh-hotels.com<\/a><\/p>\n<hr \/>\n<p><strong>Hotel Boavista\u00a0***<\/strong><\/p>\n<p>Distance from the conference place by walking: 18 minutes<\/p>\n<p>Contact:<br \/>\nAddress: Aleea FC Ripensia nr.7A, Timisoara<br \/>\nTel.: +40-256-309409<br \/>\n<a href=\"http:\/\/www.hotelboavista.ro\/\" target=\"_blank\">http:\/\/www.hotelboavista.ro<\/a><\/p>\n<hr \/>\n<p><strong>Hotel Timisoara\u00a0***<\/strong><\/p>\n<p>Distance from the conference place by walking: 12 minutes<\/p>\n<p>Contact:<br \/>\nAddress: 1-3 Marasesti, 300086 Timisoara<br \/>\nTel. +40-256-498862<br \/>\nFax. +40-256-499450<br \/>\n<a href=\"mailto:office@hoteltimisoara.ro\">office@hoteltimisoara.ro<\/a><br \/>\n<a href=\"http:\/\/www.hoteltimisoara.ro\/\" target=\"_blank\">http:\/\/www.hoteltimisoara.ro\/<\/a><\/p>\n<hr \/>\n<p><strong>Hotel Cina**<\/strong><\/p>\n<p>Distance from the conference place by walking: 12 minutes<\/p>\n<p>Address: Bulevardul Republicii 4-5, 300004 Timisoara,<br \/>\nTel.: +40-256-490130?<br \/>\n<a href=\"http:\/\/www.cina.com.ro\/index.html.en\" target=\"_blank\">http:\/\/www.cina.com.ro\/index.html.en<\/a><\/p>\n<hr \/>\n<p><strong>Hotel Central\u00a0**<\/strong><\/p>\n<p>Distance from the conference place by walking: 10 minutes<\/p>\n<p>Address: Str. Lenau 1-2, 300004 Timisoara,<br \/>\nTel: +40-256-490091<br \/>\nFax: +40-256-490096<br \/>\n<a href=\"http:\/\/www.hotel-central.ro\/\" target=\"_blank\">http:\/\/www.hotel-central.ro<\/a><\/p>\n<hr \/>\n<p><strong><a href=\"http:\/\/www.uvt.ro\/en\/students\/accommodation\/\" target=\"_blank\">Student hostels<\/a><\/strong><\/p>\n<ol>\n<li>with bathroom: (ask for price)<br \/>\n&#8211; &#8220;Camin G4&#8221;: Aleea Studen\u0163ilor Timi\u015foara 300551 Timi\u015f, Rom\u00e2nia<\/li>\n<li>shared bathroom: (ask for price)<br \/>\n&#8211; &#8220;Camin Renasterii&#8221;:\u00a0Str. Rena\u015fterii 24B, Timisoara\u00a0300134, Romania<\/li>\n<\/ol>\n<hr \/>\n<p><em>Other hotels:\u00a0<a href=\"http:\/\/www.timisoara.ro\/hoteluri\/hoteluri.shtml\" target=\"_blank\">http:\/\/www.timisoara.ro\/hoteluri\/hoteluri.shtml<\/a><\/em><\/p>\n","protected":false},"excerpt":{"rendered":"<p>The SYNASC host recommends: Hotel Perla\u00a02,3 (***), 4 (****) Addresses: Perla 2: Protopop George Dragomir nr.7 Distance from the conference place by walking: 10 minutes Perla 3: Elvila Celebi nr.14 Distance from the conference place by walking: 10 minutes Perla 4: Protopop George Dragomir nr.9 Distance from the conference place by walking: 10 minutes Tel: [&hellip;]<\/p>\n","protected":false},"author":4,"featured_media":0,"parent":0,"menu_order":0,"comment_status":"closed","ping_status":"open","template":"","meta":{"footnotes":""},"class_list":["post-48","page","type-page","status-publish","hentry"],"_links":{"self":[{"href":"https:\/\/synasc.ro\/2017\/wp-json\/wp\/v2\/pages\/48","targetHints":{"allow":["GET"]}}],"collection":[{"href":"https:\/\/synasc.ro\/2017\/wp-json\/wp\/v2\/pages"}],"about":[{"href":"https:\/\/synasc.ro\/2017\/wp-json\/wp\/v2\/types\/page"}],"author":[{"embeddable":true,"href":"https:\/\/synasc.ro\/2017\/wp-json\/wp\/v2\/users\/4"}],"replies":[{"embeddable":true,"href":"https:\/\/synasc.ro\/2017\/wp-json\/wp\/v2\/comments?post=48"}],"version-history":[{"count":5,"href":"https:\/\/synasc.ro\/2017\/wp-json\/wp\/v2\/pages\/48\/revisions"}],"predecessor-version":[{"id":645,"href":"https:\/\/synasc.ro\/2017\/wp-json\/wp\/v2\/pages\/48\/revisions\/645"}],"wp:attachment":[{"href":"https:\/\/synasc.ro\/2017\/wp-json\/wp\/v2\/media?parent=48"}],"curies":[{"name":"wp","href":"https:\/\/api.w.org\/{rel}","templated":true}]}}