{"id":1200,"date":"2016-08-25T10:24:39","date_gmt":"2016-08-25T08:24:39","guid":{"rendered":"http:\/\/synasc.ro\/2017\/?page_id=1200"},"modified":"2017-09-14T11:21:08","modified_gmt":"2017-09-14T09:21:08","slug":"industrial-presentation","status":"publish","type":"page","link":"https:\/\/synasc.ro\/2017\/industrial-presentation\/","title":{"rendered":"Industrial presentations"},"content":{"rendered":"<p style=\"text-align: center;\"><strong><span style=\"font-family: sans-serif; font-size: small;\">From HPC to Deep Learning: IBM PowerAI Vision<\/span><\/strong><\/p>\n<p style=\"text-align: center;\"><em>Florin M\u0103n\u0103il\u0103<\/em><\/p>\n<p style=\"text-align: center;\">IBM, Germany<\/p>\n<p><span style=\"font-size: small;\"><em><span style=\"font-family: sans-serif;\">IBM PowerAI Vision is a complete ecosystem on the PowerAI distribution to analyze images and videos for actionable insights. Based of Deep Learning models for accuracy and Power Systems to leverage the acceleration from GPUs, support for Large Memory scaling and Distributed Deep Learning, AI Vision offers a competitive solution that delivers highly accurate and performing platform.<\/span> <\/em><\/span><br \/>\n<span style=\"font-size: small;\"><em><span style=\"font-family: sans-serif;\">The session will present latest IBM PowerAI Vision on IBM Minsky Server Systems accelerated by NVIDIA Pascal GPU with related performance for Deep Learning frameworks<\/span><\/em><\/span><\/p>\n<p>&nbsp;<\/p>\n<p>&nbsp;<\/p>\n<p style=\"text-align: center;\"><strong><span style=\"font-family: sans-serif; font-size: small;\">Intelligence on the Edge &#8211; where machine meets the reality<\/span><\/strong><\/p>\n<p style=\"text-align: center;\"><em>Valentin Mure\u015fan<br \/>\n<\/em><\/p>\n<p style=\"text-align: center;\">Intel Romania GM, Co-founder of Movidius &#8211; an Intel company<\/p>\n<p><span style=\"font-size: small;\"><em><span style=\"font-family: sans-serif;\">Advances in computational power have made machine learning the technology of choice for many future applications that require image\/pattern recognition, while processing sensor data fusion. Low power processors have made possible pushing the machine towards the edge. Network availability, network latency, privacy are a few reasons to make full use of distributed computation power in the real field, away from centralized cloud infrastructure. While machine training based on neural networks is carried out only in the cloud for the moment, inference is possible with neural network accelerators such as the ones designed on Movidius processors. The machine future looks great! However, have we crossed the frozen bridge from cloud to reality in the field? What applications are likely to crack the ice open?<\/span><\/em><\/span><\/p>\n<p>&nbsp;<\/p>\n<p style=\"text-align: center;\"><strong><span style=\"font-family: sans-serif; font-size: small;\">Amazon Web Services for Machine Learning<\/span><\/strong><\/p>\n<p style=\"text-align: center;\"><em>Andrei Sucil\u0103<br \/>\n<\/em><\/p>\n<p style=\"text-align: center;\">Amazon Development Center, Ia\u015fi, Romania<\/p>\n<p style=\"text-align: left;\"><em>Amazon Web Services (AWS) is a subdivision of Amazon which provides cloud services to thousands of businesses all over the world. One of its focus in the past years has been to ensure support for the growing field of Machine Learning (ML) in both academia and the private sector. <\/em><br \/>\n<em>This presentation will go over some of the facilities AWS provides for ML &#8211; such as EMR clusters with Apache Spark and easy access to S3, which go hand in hand with the contributions to open source ML related projects &#8211; such as the deep learning dedicated library MXNet. Finally, we will look at AWS programs supporting the access of students and academia.<\/em><\/p>\n<p style=\"text-align: center;\">\n<p>&nbsp;<\/p>\n<p style=\"text-align: center;\">\n","protected":false},"excerpt":{"rendered":"<p>From HPC to Deep Learning: IBM PowerAI Vision Florin M\u0103n\u0103il\u0103 IBM, Germany IBM PowerAI Vision is a complete ecosystem on the PowerAI distribution to analyze images and videos for actionable insights. Based of Deep Learning models for accuracy and Power Systems to leverage the acceleration from GPUs, support for Large Memory scaling and Distributed Deep [&hellip;]<\/p>\n","protected":false},"author":8,"featured_media":0,"parent":0,"menu_order":0,"comment_status":"closed","ping_status":"closed","template":"","meta":{"footnotes":""},"class_list":["post-1200","page","type-page","status-publish","hentry"],"_links":{"self":[{"href":"https:\/\/synasc.ro\/2017\/wp-json\/wp\/v2\/pages\/1200","targetHints":{"allow":["GET"]}}],"collection":[{"href":"https:\/\/synasc.ro\/2017\/wp-json\/wp\/v2\/pages"}],"about":[{"href":"https:\/\/synasc.ro\/2017\/wp-json\/wp\/v2\/types\/page"}],"author":[{"embeddable":true,"href":"https:\/\/synasc.ro\/2017\/wp-json\/wp\/v2\/users\/8"}],"replies":[{"embeddable":true,"href":"https:\/\/synasc.ro\/2017\/wp-json\/wp\/v2\/comments?post=1200"}],"version-history":[{"count":6,"href":"https:\/\/synasc.ro\/2017\/wp-json\/wp\/v2\/pages\/1200\/revisions"}],"predecessor-version":[{"id":1624,"href":"https:\/\/synasc.ro\/2017\/wp-json\/wp\/v2\/pages\/1200\/revisions\/1624"}],"wp:attachment":[{"href":"https:\/\/synasc.ro\/2017\/wp-json\/wp\/v2\/media?parent=1200"}],"curies":[{"name":"wp","href":"https:\/\/api.w.org\/{rel}","templated":true}]}}